{"id":1483,"date":"2026-02-10T23:41:13","date_gmt":"2026-02-10T23:41:13","guid":{"rendered":"https:\/\/tipiscerdanya.com\/edicions-anteriors\/"},"modified":"2026-03-24T15:50:26","modified_gmt":"2026-03-24T15:50:26","slug":"edicions-anteriors","status":"publish","type":"page","link":"https:\/\/tipiscerdanya.com\/ca\/edicions-anteriors\/","title":{"rendered":"Edicions anteriors"},"content":{"rendered":"\t\t<div data-elementor-type=\"wp-page\" data-elementor-id=\"1483\" class=\"elementor elementor-1483 elementor-25\" data-elementor-post-type=\"page\">\n\t\t\t\t<div class=\"elementor-element elementor-element-a493c53 e-con-full e-flex e-con e-parent\" data-id=\"a493c53\" data-element_type=\"container\" data-e-type=\"container\" data-settings=\"{&quot;background_background&quot;:&quot;classic&quot;}\">\n\t\t<div class=\"elementor-element elementor-element-0312927 e-con-full e-flex e-con e-child\" data-id=\"0312927\" data-element_type=\"container\" data-e-type=\"container\">\n\t\t\t\t<div class=\"elementor-element elementor-element-497be24 elementor-widget elementor-widget-heading\" data-id=\"497be24\" data-element_type=\"widget\" data-e-type=\"widget\" data-widget_type=\"heading.default\">\n\t\t\t\t\t<h1 class=\"elementor-heading-title elementor-size-default\">Edicions anteriors de Tipis Cerdanya \u2013\u2028Aix\u00ed hem crescut junts! <\/h1>\t\t\t\t<\/div>\n\t\t\t\t<\/div>\n\t\t<div class=\"elementor-element elementor-element-138aa9b e-con-full e-flex e-con e-child\" data-id=\"138aa9b\" data-element_type=\"container\" data-e-type=\"container\" data-settings=\"{&quot;position&quot;:&quot;absolute&quot;}\">\n\t\t\t\t<div class=\"elementor-element elementor-element-05f1bc7 elementor-widget elementor-widget-template\" data-id=\"05f1bc7\" data-element_type=\"widget\" data-e-type=\"widget\" data-widget_type=\"template.default\">\n\t\t\t\t<div class=\"elementor-widget-container\">\n\t\t\t\t\t\t\t<div class=\"elementor-template\">\n\t\t\t\t\t<div data-elementor-type=\"container\" data-elementor-id=\"1570\" class=\"elementor elementor-1570\" data-elementor-post-type=\"elementor_library\">\n\t\t\t\t<div class=\"elementor-element elementor-element-f939cbc e-con-full e-flex e-con e-child\" data-id=\"f939cbc\" data-element_type=\"container\" data-e-type=\"container\">\n\t\t\t\t<div class=\"elementor-element elementor-element-87b75f6 buttons elementor-widget elementor-widget-button\" data-id=\"87b75f6\" data-element_type=\"widget\" data-e-type=\"widget\" data-widget_type=\"button.default\">\n\t\t\t\t\t\t\t\t\t\t<a class=\"elementor-button elementor-button-link elementor-size-sm\" href=\"#\">\n\t\t\t\t\t\t<span class=\"elementor-button-content-wrapper\">\n\t\t\t\t\t\t\t\t\t<span class=\"elementor-button-text\">Compra entrades<\/span>\n\t\t\t\t\t<\/span>\n\t\t\t\t\t<\/a>\n\t\t\t\t\t\t\t\t<\/div>\n\t\t\t\t<div class=\"elementor-element elementor-element-fc8c391 buttons elementor-widget elementor-widget-button\" data-id=\"fc8c391\" data-element_type=\"widget\" data-e-type=\"widget\" data-widget_type=\"button.default\">\n\t\t\t\t\t\t\t\t\t\t<a class=\"elementor-button elementor-button-link elementor-size-sm\" href=\"#\">\n\t\t\t\t\t\t<span class=\"elementor-button-content-wrapper\">\n\t\t\t\t\t\t\t\t\t<span class=\"elementor-button-text\">Consulta el programa<\/span>\n\t\t\t\t\t<\/span>\n\t\t\t\t\t<\/a>\n\t\t\t\t\t\t\t\t<\/div>\n\t\t\t\t<\/div>\n\t\t\t\t<\/div>\n\t\t\t\t<\/div>\n\t\t\t\t\t\t<\/div>\n\t\t\t\t<\/div>\n\t\t\t\t<\/div>\n\t\t\t\t<\/div>\n\t\t<div class=\"elementor-element elementor-element-2ff6bce e-con-full e-flex e-con e-parent\" data-id=\"2ff6bce\" data-element_type=\"container\" data-e-type=\"container\">\n\t\t\t\t<div class=\"elementor-element elementor-element-b19f9c3 elementor-widget elementor-widget-text-editor\" data-id=\"b19f9c3\" data-element_type=\"widget\" data-e-type=\"widget\" data-widget_type=\"text-editor.default\">\n\t\t\t\t\t\t\t\t\t<p>Tipis Cerdanya ha evolucionat edici\u00f3 rere edici\u00f3, convertint-se en un punt de trobada per amants de la creativitat, la gastronomia i l\u2019entreteniment en fam\u00edlia. Aquesta galeria \u00e9s un petit homenatge a totes les persones, marques i artistes que fan realitat la m\u00e0gia de cada any.<\/p>\t\t\t\t\t\t\t\t<\/div>\n\t\t\t\t<\/div>\n\t\t<div class=\"elementor-element elementor-element-e002ec2 e-con-full e-flex e-con e-parent\" data-id=\"e002ec2\" data-element_type=\"container\" data-e-type=\"container\">\n\t\t\t\t<div class=\"elementor-element elementor-element-33a845e elementor-widget elementor-widget-image-carousel\" data-id=\"33a845e\" data-element_type=\"widget\" data-e-type=\"widget\" data-settings=\"{&quot;navigation&quot;:&quot;none&quot;,&quot;image_spacing_custom&quot;:{&quot;unit&quot;:&quot;px&quot;,&quot;size&quot;:15,&quot;sizes&quot;:[]},&quot;slides_to_show_mobile&quot;:&quot;2&quot;,&quot;speed&quot;:500,&quot;image_spacing_custom_tablet&quot;:{&quot;unit&quot;:&quot;px&quot;,&quot;size&quot;:&quot;&quot;,&quot;sizes&quot;:[]},&quot;image_spacing_custom_mobile&quot;:{&quot;unit&quot;:&quot;px&quot;,&quot;size&quot;:&quot;&quot;,&quot;sizes&quot;:[]}}\" data-widget_type=\"image-carousel.default\">\n\t\t\t\t\t\t\t<div class=\"elementor-image-carousel-wrapper swiper\" role=\"region\" aria-roledescription=\"carousel\" aria-label=\"Image Carousel\" dir=\"ltr\">\n\t\t\t<div class=\"elementor-image-carousel swiper-wrapper\" aria-live=\"polite\">\n\t\t\t\t\t\t\t\t<div class=\"swiper-slide\" role=\"group\" aria-roledescription=\"slide\" aria-label=\"1 de 3\"><figure class=\"swiper-slide-inner\"><img decoding=\"async\" class=\"swiper-slide-image\" src=\"https:\/\/tipiscerdanya.com\/wp-content\/uploads\/2026\/02\/tipis-17-683x1024.webp\" alt=\"tipis-17\" \/><\/figure><\/div><div class=\"swiper-slide\" role=\"group\" aria-roledescription=\"slide\" aria-label=\"2 de 3\"><figure class=\"swiper-slide-inner\"><img decoding=\"async\" class=\"swiper-slide-image\" src=\"https:\/\/tipiscerdanya.com\/wp-content\/uploads\/2026\/02\/tipis-16-683x1024.webp\" alt=\"tipis-16\" \/><\/figure><\/div><div class=\"swiper-slide\" role=\"group\" aria-roledescription=\"slide\" aria-label=\"3 de 3\"><figure class=\"swiper-slide-inner\"><img decoding=\"async\" class=\"swiper-slide-image\" src=\"https:\/\/tipiscerdanya.com\/wp-content\/uploads\/2026\/02\/tipis-18-683x1024.webp\" alt=\"tipis-18\" \/><\/figure><\/div>\t\t\t<\/div>\n\t\t\t\t\t\t\t\n\t\t\t\t\t\t\t\t\t<\/div>\n\t\t\t\t\t\t<\/div>\n\t\t\t\t<\/div>\n\t\t\t\t<\/div>\n\t\t","protected":false},"excerpt":{"rendered":"<p>Edicions anteriors de Tipis Cerdanya \u2013\u2028Aix\u00ed hem crescut junts! Tipis Cerdanya ha evolucionat edici\u00f3 rere edici\u00f3, convertint-se en un punt de trobada per amants de la creativitat, la gastronomia i l\u2019entreteniment en fam\u00edlia. Aquesta galeria \u00e9s un petit homenatge a totes les persones, marques i artistes que fan realitat la m\u00e0gia de cada any.<\/p>\n","protected":false},"author":1,"featured_media":0,"parent":0,"menu_order":0,"comment_status":"closed","ping_status":"closed","template":"","meta":{"footnotes":""},"class_list":["post-1483","page","type-page","status-publish","hentry"],"yoast_head":"<!-- This site is optimized with the Yoast SEO plugin v27.2 - https:\/\/yoast.com\/product\/yoast-seo-wordpress\/ -->\n<title>Edicions anteriors | Tipis Cerdanya<\/title>\n<meta name=\"description\" content=\"Edicions anteriors de Tipis Cerdanya \u2013\u2028Aix\u00ed hem crescut junts! Tipis Cerdanya ha evolucionat edici\u00f3 rere edici\u00f3, convertint-se en un punt de trobada per\" \/>\n<meta name=\"robots\" content=\"index, follow, max-snippet:-1, max-image-preview:large, max-video-preview:-1\" \/>\n<link rel=\"canonical\" href=\"https:\/\/tipiscerdanya.com\/ca\/edicions-anteriors\/\" \/>\n<meta property=\"og:locale\" content=\"ca_ES\" \/>\n<meta property=\"og:type\" content=\"article\" \/>\n<meta property=\"og:title\" content=\"Edicions anteriors | Tipis Cerdanya\" \/>\n<meta property=\"og:description\" content=\"Edicions anteriors de Tipis Cerdanya \u2013\u2028Aix\u00ed hem crescut junts! Tipis Cerdanya ha evolucionat edici\u00f3 rere edici\u00f3, convertint-se en un punt de trobada per\" \/>\n<meta property=\"og:url\" content=\"https:\/\/tipiscerdanya.com\/ca\/edicions-anteriors\/\" \/>\n<meta property=\"og:site_name\" content=\"Tipis Cerdanya\" \/>\n<meta property=\"article:modified_time\" content=\"2026-03-24T15:50:26+00:00\" \/>\n<meta property=\"og:image\" content=\"https:\/\/tipiscerdanya.com\/wp-content\/uploads\/2026\/02\/tipis-17-683x1024.webp\" \/>\n<meta name=\"twitter:card\" content=\"summary_large_image\" \/>\n<script type=\"application\/ld+json\" class=\"yoast-schema-graph\">{\"@context\":\"https:\/\/schema.org\",\"@graph\":[{\"@type\":\"WebPage\",\"@id\":\"https:\/\/tipiscerdanya.com\/ca\/edicions-anteriors\/\",\"url\":\"https:\/\/tipiscerdanya.com\/ca\/edicions-anteriors\/\",\"name\":\"Edicions anteriors | Tipis Cerdanya\",\"isPartOf\":{\"@id\":\"https:\/\/tipiscerdanya.com\/ca\/#website\"},\"primaryImageOfPage\":{\"@id\":\"https:\/\/tipiscerdanya.com\/ca\/edicions-anteriors\/#primaryimage\"},\"image\":{\"@id\":\"https:\/\/tipiscerdanya.com\/ca\/edicions-anteriors\/#primaryimage\"},\"thumbnailUrl\":\"https:\/\/tipiscerdanya.com\/wp-content\/uploads\/2026\/02\/tipis-17-683x1024.webp\",\"datePublished\":\"2026-02-10T23:41:13+00:00\",\"dateModified\":\"2026-03-24T15:50:26+00:00\",\"description\":\"Edicions anteriors de Tipis Cerdanya \u2013\\u2028Aix\u00ed hem crescut junts! Tipis Cerdanya ha evolucionat edici\u00f3 rere edici\u00f3, convertint-se en un punt de trobada per\",\"breadcrumb\":{\"@id\":\"https:\/\/tipiscerdanya.com\/ca\/edicions-anteriors\/#breadcrumb\"},\"inLanguage\":\"ca\",\"potentialAction\":[{\"@type\":\"ReadAction\",\"target\":[\"https:\/\/tipiscerdanya.com\/ca\/edicions-anteriors\/\"]}]},{\"@type\":\"ImageObject\",\"inLanguage\":\"ca\",\"@id\":\"https:\/\/tipiscerdanya.com\/ca\/edicions-anteriors\/#primaryimage\",\"url\":\"https:\/\/tipiscerdanya.com\/wp-content\/uploads\/2026\/02\/tipis-17-683x1024.webp\",\"contentUrl\":\"https:\/\/tipiscerdanya.com\/wp-content\/uploads\/2026\/02\/tipis-17-683x1024.webp\"},{\"@type\":\"BreadcrumbList\",\"@id\":\"https:\/\/tipiscerdanya.com\/ca\/edicions-anteriors\/#breadcrumb\",\"itemListElement\":[{\"@type\":\"ListItem\",\"position\":1,\"name\":\"Home\",\"item\":\"https:\/\/tipiscerdanya.com\/ca\/\"},{\"@type\":\"ListItem\",\"position\":2,\"name\":\"Edicions anteriors\"}]},{\"@type\":\"WebSite\",\"@id\":\"https:\/\/tipiscerdanya.com\/ca\/#website\",\"url\":\"https:\/\/tipiscerdanya.com\/ca\/\",\"name\":\"Tipis Cerdanya\",\"description\":\"Festival de cultura y actividades familiares en Ll\u00edvia\",\"publisher\":{\"@id\":\"https:\/\/tipiscerdanya.com\/ca\/#organization\"},\"alternateName\":\"Festival Tipis Cerdanya\",\"potentialAction\":[{\"@type\":\"SearchAction\",\"target\":{\"@type\":\"EntryPoint\",\"urlTemplate\":\"https:\/\/tipiscerdanya.com\/ca\/?s={search_term_string}\"},\"query-input\":{\"@type\":\"PropertyValueSpecification\",\"valueRequired\":true,\"valueName\":\"search_term_string\"}}],\"inLanguage\":\"ca\"},{\"@type\":\"Organization\",\"@id\":\"https:\/\/tipiscerdanya.com\/ca\/#organization\",\"name\":\"tipiscerdanya.com\",\"alternateName\":\"Tipis Cerdanya\",\"url\":\"https:\/\/tipiscerdanya.com\/ca\/\",\"logo\":{\"@type\":\"ImageObject\",\"inLanguage\":\"ca\",\"@id\":\"https:\/\/tipiscerdanya.com\/ca\/#\/schema\/logo\/image\/\",\"url\":\"https:\/\/tipiscerdanya.com\/wp-content\/uploads\/2026\/03\/logo-tipis-1.jpg\",\"contentUrl\":\"https:\/\/tipiscerdanya.com\/wp-content\/uploads\/2026\/03\/logo-tipis-1.jpg\",\"width\":609,\"height\":609,\"caption\":\"tipiscerdanya.com\"},\"image\":{\"@id\":\"https:\/\/tipiscerdanya.com\/ca\/#\/schema\/logo\/image\/\"}}]}<\/script>\n<!-- \/ Yoast SEO plugin. -->","yoast_head_json":{"title":"Edicions anteriors | Tipis Cerdanya","description":"Edicions anteriors de Tipis Cerdanya \u2013\u2028Aix\u00ed hem crescut junts! Tipis Cerdanya ha evolucionat edici\u00f3 rere edici\u00f3, convertint-se en un punt de trobada per","robots":{"index":"index","follow":"follow","max-snippet":"max-snippet:-1","max-image-preview":"max-image-preview:large","max-video-preview":"max-video-preview:-1"},"canonical":"https:\/\/tipiscerdanya.com\/ca\/edicions-anteriors\/","og_locale":"ca_ES","og_type":"article","og_title":"Edicions anteriors | Tipis Cerdanya","og_description":"Edicions anteriors de Tipis Cerdanya \u2013\u2028Aix\u00ed hem crescut junts! Tipis Cerdanya ha evolucionat edici\u00f3 rere edici\u00f3, convertint-se en un punt de trobada per","og_url":"https:\/\/tipiscerdanya.com\/ca\/edicions-anteriors\/","og_site_name":"Tipis Cerdanya","article_modified_time":"2026-03-24T15:50:26+00:00","og_image":[{"url":"https:\/\/tipiscerdanya.com\/wp-content\/uploads\/2026\/02\/tipis-17-683x1024.webp","type":"","width":"","height":""}],"twitter_card":"summary_large_image","schema":{"@context":"https:\/\/schema.org","@graph":[{"@type":"WebPage","@id":"https:\/\/tipiscerdanya.com\/ca\/edicions-anteriors\/","url":"https:\/\/tipiscerdanya.com\/ca\/edicions-anteriors\/","name":"Edicions anteriors | Tipis Cerdanya","isPartOf":{"@id":"https:\/\/tipiscerdanya.com\/ca\/#website"},"primaryImageOfPage":{"@id":"https:\/\/tipiscerdanya.com\/ca\/edicions-anteriors\/#primaryimage"},"image":{"@id":"https:\/\/tipiscerdanya.com\/ca\/edicions-anteriors\/#primaryimage"},"thumbnailUrl":"https:\/\/tipiscerdanya.com\/wp-content\/uploads\/2026\/02\/tipis-17-683x1024.webp","datePublished":"2026-02-10T23:41:13+00:00","dateModified":"2026-03-24T15:50:26+00:00","description":"Edicions anteriors de Tipis Cerdanya \u2013\u2028Aix\u00ed hem crescut junts! Tipis Cerdanya ha evolucionat edici\u00f3 rere edici\u00f3, convertint-se en un punt de trobada per","breadcrumb":{"@id":"https:\/\/tipiscerdanya.com\/ca\/edicions-anteriors\/#breadcrumb"},"inLanguage":"ca","potentialAction":[{"@type":"ReadAction","target":["https:\/\/tipiscerdanya.com\/ca\/edicions-anteriors\/"]}]},{"@type":"ImageObject","inLanguage":"ca","@id":"https:\/\/tipiscerdanya.com\/ca\/edicions-anteriors\/#primaryimage","url":"https:\/\/tipiscerdanya.com\/wp-content\/uploads\/2026\/02\/tipis-17-683x1024.webp","contentUrl":"https:\/\/tipiscerdanya.com\/wp-content\/uploads\/2026\/02\/tipis-17-683x1024.webp"},{"@type":"BreadcrumbList","@id":"https:\/\/tipiscerdanya.com\/ca\/edicions-anteriors\/#breadcrumb","itemListElement":[{"@type":"ListItem","position":1,"name":"Home","item":"https:\/\/tipiscerdanya.com\/ca\/"},{"@type":"ListItem","position":2,"name":"Edicions anteriors"}]},{"@type":"WebSite","@id":"https:\/\/tipiscerdanya.com\/ca\/#website","url":"https:\/\/tipiscerdanya.com\/ca\/","name":"Tipis Cerdanya","description":"Festival de cultura y actividades familiares en Ll\u00edvia","publisher":{"@id":"https:\/\/tipiscerdanya.com\/ca\/#organization"},"alternateName":"Festival Tipis Cerdanya","potentialAction":[{"@type":"SearchAction","target":{"@type":"EntryPoint","urlTemplate":"https:\/\/tipiscerdanya.com\/ca\/?s={search_term_string}"},"query-input":{"@type":"PropertyValueSpecification","valueRequired":true,"valueName":"search_term_string"}}],"inLanguage":"ca"},{"@type":"Organization","@id":"https:\/\/tipiscerdanya.com\/ca\/#organization","name":"tipiscerdanya.com","alternateName":"Tipis Cerdanya","url":"https:\/\/tipiscerdanya.com\/ca\/","logo":{"@type":"ImageObject","inLanguage":"ca","@id":"https:\/\/tipiscerdanya.com\/ca\/#\/schema\/logo\/image\/","url":"https:\/\/tipiscerdanya.com\/wp-content\/uploads\/2026\/03\/logo-tipis-1.jpg","contentUrl":"https:\/\/tipiscerdanya.com\/wp-content\/uploads\/2026\/03\/logo-tipis-1.jpg","width":609,"height":609,"caption":"tipiscerdanya.com"},"image":{"@id":"https:\/\/tipiscerdanya.com\/ca\/#\/schema\/logo\/image\/"}}]}},"_links":{"self":[{"href":"https:\/\/tipiscerdanya.com\/ca\/wp-json\/wp\/v2\/pages\/1483","targetHints":{"allow":["GET"]}}],"collection":[{"href":"https:\/\/tipiscerdanya.com\/ca\/wp-json\/wp\/v2\/pages"}],"about":[{"href":"https:\/\/tipiscerdanya.com\/ca\/wp-json\/wp\/v2\/types\/page"}],"author":[{"embeddable":true,"href":"https:\/\/tipiscerdanya.com\/ca\/wp-json\/wp\/v2\/users\/1"}],"replies":[{"embeddable":true,"href":"https:\/\/tipiscerdanya.com\/ca\/wp-json\/wp\/v2\/comments?post=1483"}],"version-history":[{"count":5,"href":"https:\/\/tipiscerdanya.com\/ca\/wp-json\/wp\/v2\/pages\/1483\/revisions"}],"predecessor-version":[{"id":1591,"href":"https:\/\/tipiscerdanya.com\/ca\/wp-json\/wp\/v2\/pages\/1483\/revisions\/1591"}],"wp:attachment":[{"href":"https:\/\/tipiscerdanya.com\/ca\/wp-json\/wp\/v2\/media?parent=1483"}],"curies":[{"name":"wp","href":"https:\/\/api.w.org\/{rel}","templated":true}]}}