{"id":3,"date":"2026-02-02T08:41:49","date_gmt":"2026-02-02T08:41:49","guid":{"rendered":"http:\/\/tipiscerdanya.com\/?page_id=3"},"modified":"2026-03-30T14:20:36","modified_gmt":"2026-03-30T14:20:36","slug":"politica-de-privacitat","status":"publish","type":"page","link":"https:\/\/tipiscerdanya.com\/ca\/politica-de-privacitat\/","title":{"rendered":"Pol\u00edtica de privacitat"},"content":{"rendered":"\t\t<div data-elementor-type=\"wp-page\" data-elementor-id=\"3\" class=\"elementor elementor-3\" data-elementor-post-type=\"page\">\n\t\t\t\t<div class=\"elementor-element elementor-element-68b2780b e-con-full e-flex e-con e-parent\" data-id=\"68b2780b\" data-element_type=\"container\" data-e-type=\"container\">\n\t\t\t\t<div class=\"elementor-element elementor-element-0686d00 elementor-widget elementor-widget-heading\" data-id=\"0686d00\" data-element_type=\"widget\" data-e-type=\"widget\" data-widget_type=\"heading.default\">\n\t\t\t\t\t<h1 class=\"elementor-heading-title elementor-size-default\">Pol\u00edtica de Privacitat<\/h1>\t\t\t\t<\/div>\n\t\t\t\t<div class=\"elementor-element elementor-element-5d57c096 elementor-widget elementor-widget-text-editor\" data-id=\"5d57c096\" data-element_type=\"widget\" data-e-type=\"widget\" data-widget_type=\"text-editor.default\">\n\t\t\t\t\t\t\t\t\t<p data-start=\"28\" data-end=\"287\">En compliment del que disposa el Reglament (UE) 2016\/679 del Parlament Europeu i del Consell (RGPD) i la Llei Org\u00e0nica 3\/2018, de Protecci\u00f3 de Dades Personals i garantia dels drets digitals (LOPDGDD), s\u2019informa els usuaris del lloc web dels aspectes seg\u00fcents:<\/p><p data-start=\"289\" data-end=\"326\"><strong data-start=\"289\" data-end=\"326\">1. Dades del titular del lloc web<\/strong><\/p><p data-start=\"328\" data-end=\"514\">Ra\u00f3 social: <strong>POMODORO PRODUCTIONS SL<\/strong> <br data-start=\"363\" data-end=\"366\" \/>NIF: <strong>B10893006<\/strong><br data-start=\"384\" data-end=\"387\" \/>Domicili social: C\/ Puigcerd\u00e0, 39 17527 (Llivia) Girona<br data-start=\"469\" data-end=\"472\" \/>Correu electr\u00f2nic: <strong data-start=\"491\" data-end=\"514\"><a class=\"decorated-link cursor-pointer\" rel=\"noopener\" data-start=\"493\" data-end=\"512\">info@tipiscerdanya.com<\/a><\/strong><\/p><p data-start=\"516\" data-end=\"554\"><strong data-start=\"516\" data-end=\"554\">2. Dades personals que es recullen<\/strong><\/p><p data-start=\"556\" data-end=\"756\">Aquest lloc web t\u00e9 car\u00e0cter merament informatiu i d\u2019exhibici\u00f3 de projectes, per la qual cosa no es recullen dades personals de manera activa mitjan\u00e7ant formularis, subscripcions o registres d\u2019usuaris.<\/p><p data-start=\"758\" data-end=\"1036\">L\u2019usuari pot contactar amb el titular del lloc web a trav\u00e9s del correu electr\u00f2nic facilitat. En aquest cas, les dades personals que l\u2019usuari proporcioni volunt\u00e0riament (com ara el nom o l\u2019adre\u00e7a de correu electr\u00f2nic) seran tractades \u00fanicament per atendre la consulta realitzada.<\/p><p data-start=\"1038\" data-end=\"1069\"><strong data-start=\"1038\" data-end=\"1069\">3. Finalitat del tractament<\/strong><\/p><p data-start=\"1071\" data-end=\"1160\">Les dades personals que, si escau, faciliti l\u2019usuari seran tractades amb la finalitat de:<\/p><ul data-start=\"1162\" data-end=\"1313\"><li data-start=\"1162\" data-end=\"1251\"><p data-start=\"1164\" data-end=\"1251\">Gestionar i respondre consultes o sol\u00b7licituds d\u2019informaci\u00f3 realitzades per l\u2019usuari.<\/p><\/li><li data-start=\"1252\" data-end=\"1313\"><p data-start=\"1254\" data-end=\"1313\">Mantenir comunicacions relacionades amb aquestes consultes.<\/p><\/li><\/ul><p data-start=\"1315\" data-end=\"1412\">Les dades no s\u2019utilitzaran per a finalitats comercials ni s\u2019enviaran comunicacions publicit\u00e0ries.<\/p><p data-start=\"1414\" data-end=\"1449\"><strong data-start=\"1414\" data-end=\"1449\">4. Base legal per al tractament<\/strong><\/p><p data-start=\"1451\" data-end=\"1602\">La base legal per al tractament de les dades \u00e9s el consentiment de l\u2019usuari, atorgat en contactar de manera volunt\u00e0ria amb el responsable del lloc web.<\/p><p data-start=\"1604\" data-end=\"1635\"><strong data-start=\"1604\" data-end=\"1635\">5. Conservaci\u00f3 de les dades<\/strong><\/p><p data-start=\"1637\" data-end=\"1795\">Les dades personals es conservaran \u00fanicament durant el temps necessari per atendre la consulta de l\u2019usuari i, si escau, durant els terminis legalment exigits.<\/p><p data-start=\"1797\" data-end=\"1829\"><strong data-start=\"1797\" data-end=\"1829\">6. Destinataris de les dades<\/strong><\/p><p data-start=\"1831\" data-end=\"1900\">No es cediran dades personals a tercers, excepte per obligaci\u00f3 legal.<\/p><p data-start=\"1902\" data-end=\"1926\"><strong data-start=\"1902\" data-end=\"1926\">7. Drets de l\u2019usuari<\/strong><\/p><p data-start=\"1928\" data-end=\"1947\">L\u2019usuari t\u00e9 dret a:<\/p><ul data-start=\"1949\" data-end=\"2214\"><li data-start=\"1949\" data-end=\"1988\"><p data-start=\"1951\" data-end=\"1988\">Accedir a les seves dades personals<\/p><\/li><li data-start=\"1989\" data-end=\"2043\"><p data-start=\"1991\" data-end=\"2043\">Sol\u00b7licitar la rectificaci\u00f3 de les dades inexactes<\/p><\/li><li data-start=\"2044\" data-end=\"2091\"><p data-start=\"2046\" data-end=\"2091\">Sol\u00b7licitar la supressi\u00f3 de les seves dades<\/p><\/li><li data-start=\"2092\" data-end=\"2135\"><p data-start=\"2094\" data-end=\"2135\">Sol\u00b7licitar la limitaci\u00f3 del tractament<\/p><\/li><li data-start=\"2136\" data-end=\"2163\"><p data-start=\"2138\" data-end=\"2163\">Oposar-se al tractament<\/p><\/li><li data-start=\"2164\" data-end=\"2214\"><p data-start=\"2166\" data-end=\"2214\">Sol\u00b7licitar la portabilitat de les seves dades<\/p><\/li><\/ul><p data-start=\"2216\" data-end=\"2390\">Podr\u00e0 exercir aquests drets enviant una sol\u00b7licitud per escrit, juntament amb una c\u00f2pia del seu document d\u2019identitat, al correu electr\u00f2nic: <b>info@tipiscerdanya.com<\/b><\/p><p data-start=\"2392\" data-end=\"2589\">Aix\u00ed mateix, l\u2019usuari t\u00e9 dret a presentar una reclamaci\u00f3 davant l\u2019Ag\u00e8ncia Espanyola de Protecci\u00f3 de Dades (AEPD) si considera que el tractament de les seves dades no s\u2019ajusta a la normativa vigent.<\/p><p data-start=\"2591\" data-end=\"2620\"><strong data-start=\"2591\" data-end=\"2620\">8. Seguretat de les dades<\/strong><\/p><p data-start=\"2622\" data-end=\"2817\">POMODORO PRODUCTIONS SL. adopta les mesures t\u00e8cniques i organitzatives necess\u00e0ries per garantir la seguretat i integritat de les dades personals i evitar-ne la p\u00e8rdua, alteraci\u00f3 o acc\u00e9s no autoritzat.<\/p><p data-start=\"2819\" data-end=\"2861\"><strong data-start=\"2819\" data-end=\"2861\">9. Canvis en la pol\u00edtica de privacitat<\/strong><\/p><p data-start=\"2863\" data-end=\"3073\" data-is-last-node=\"\" data-is-only-node=\"\">El titular del lloc web es reserva el dret de modificar la present Pol\u00edtica de Privacitat per adaptar-la a novetats legislatives o jurisprudencials. Les modificacions seran publicades en aquesta mateixa p\u00e0gina.<\/p>\t\t\t\t\t\t\t\t<\/div>\n\t\t\t\t<\/div>\n\t\t\t\t<\/div>\n\t\t","protected":false},"excerpt":{"rendered":"<p>Pol\u00edtica de Privacitat En compliment del que disposa el Reglament (UE) 2016\/679 del Parlament Europeu i del Consell (RGPD) i la Llei Org\u00e0nica 3\/2018, de Protecci\u00f3 de Dades Personals i garantia dels drets digitals (LOPDGDD), s\u2019informa els usuaris del lloc web dels aspectes seg\u00fcents: 1. Dades del titular del lloc web Ra\u00f3 social: POMODORO PRODUCTIONS [&hellip;]<\/p>\n","protected":false},"author":1,"featured_media":0,"parent":0,"menu_order":0,"comment_status":"closed","ping_status":"closed","template":"","meta":{"footnotes":""},"class_list":["post-3","page","type-page","status-publish","hentry"],"yoast_head":"<!-- This site is optimized with the Yoast SEO plugin v27.2 - https:\/\/yoast.com\/product\/yoast-seo-wordpress\/ -->\n<title>Pol\u00edtica de privacitat | Tipis Cerdanya<\/title>\n<meta name=\"description\" content=\"Pol\u00edtica de Privacitat En compliment del que disposa el Reglament (UE) 2016\/679 del Parlament Europeu i del Consell (RGPD) i la Llei Org\u00e0nica 3\/2018, de\" \/>\n<meta name=\"robots\" content=\"noindex, nofollow\" \/>\n<meta property=\"og:locale\" content=\"ca_ES\" \/>\n<meta property=\"og:type\" content=\"article\" \/>\n<meta property=\"og:title\" content=\"Pol\u00edtica de privacitat | Tipis Cerdanya\" \/>\n<meta property=\"og:description\" content=\"Pol\u00edtica de Privacitat En compliment del que disposa el Reglament (UE) 2016\/679 del Parlament Europeu i del Consell (RGPD) i la Llei Org\u00e0nica 3\/2018, de\" \/>\n<meta property=\"og:url\" content=\"https:\/\/tipiscerdanya.com\/ca\/politica-de-privacitat\/\" \/>\n<meta property=\"og:site_name\" content=\"Tipis Cerdanya\" \/>\n<meta property=\"article:modified_time\" content=\"2026-03-30T14:20:36+00:00\" \/>\n<meta property=\"og:image\" content=\"https:\/\/tipiscerdanya.com\/wp-content\/uploads\/2026\/03\/tipis-open-1.jpg\" \/>\n\t<meta property=\"og:image:width\" content=\"1200\" \/>\n\t<meta property=\"og:image:height\" content=\"630\" \/>\n\t<meta property=\"og:image:type\" content=\"image\/jpeg\" \/>\n<meta name=\"twitter:card\" content=\"summary_large_image\" \/>\n<meta name=\"twitter:label1\" content=\"Temps estimat de lectura\" \/>\n\t<meta name=\"twitter:data1\" content=\"3 minuts\" \/>\n<script type=\"application\/ld+json\" class=\"yoast-schema-graph\">{\"@context\":\"https:\/\/schema.org\",\"@graph\":[{\"@type\":\"WebPage\",\"@id\":\"https:\/\/tipiscerdanya.com\/ca\/politica-de-privacitat\/\",\"url\":\"https:\/\/tipiscerdanya.com\/ca\/politica-de-privacitat\/\",\"name\":\"Pol\u00edtica de privacitat | Tipis Cerdanya\",\"isPartOf\":{\"@id\":\"https:\/\/tipiscerdanya.com\/ca\/#website\"},\"datePublished\":\"2026-02-02T08:41:49+00:00\",\"dateModified\":\"2026-03-30T14:20:36+00:00\",\"description\":\"Pol\u00edtica de Privacitat En compliment del que disposa el Reglament (UE) 2016\/679 del Parlament Europeu i del Consell (RGPD) i la Llei Org\u00e0nica 3\/2018, de\",\"breadcrumb\":{\"@id\":\"https:\/\/tipiscerdanya.com\/ca\/politica-de-privacitat\/#breadcrumb\"},\"inLanguage\":\"ca\",\"potentialAction\":[{\"@type\":\"ReadAction\",\"target\":[\"https:\/\/tipiscerdanya.com\/ca\/politica-de-privacitat\/\"]}]},{\"@type\":\"BreadcrumbList\",\"@id\":\"https:\/\/tipiscerdanya.com\/ca\/politica-de-privacitat\/#breadcrumb\",\"itemListElement\":[{\"@type\":\"ListItem\",\"position\":1,\"name\":\"Home\",\"item\":\"https:\/\/tipiscerdanya.com\/ca\/\"},{\"@type\":\"ListItem\",\"position\":2,\"name\":\"Pol\u00edtica de privacitat\"}]},{\"@type\":\"WebSite\",\"@id\":\"https:\/\/tipiscerdanya.com\/ca\/#website\",\"url\":\"https:\/\/tipiscerdanya.com\/ca\/\",\"name\":\"Tipis Cerdanya\",\"description\":\"Festival de cultura y actividades familiares en Ll\u00edvia\",\"publisher\":{\"@id\":\"https:\/\/tipiscerdanya.com\/ca\/#organization\"},\"alternateName\":\"Festival Tipis Cerdanya\",\"potentialAction\":[{\"@type\":\"SearchAction\",\"target\":{\"@type\":\"EntryPoint\",\"urlTemplate\":\"https:\/\/tipiscerdanya.com\/ca\/?s={search_term_string}\"},\"query-input\":{\"@type\":\"PropertyValueSpecification\",\"valueRequired\":true,\"valueName\":\"search_term_string\"}}],\"inLanguage\":\"ca\"},{\"@type\":\"Organization\",\"@id\":\"https:\/\/tipiscerdanya.com\/ca\/#organization\",\"name\":\"tipiscerdanya.com\",\"alternateName\":\"Tipis Cerdanya\",\"url\":\"https:\/\/tipiscerdanya.com\/ca\/\",\"logo\":{\"@type\":\"ImageObject\",\"inLanguage\":\"ca\",\"@id\":\"https:\/\/tipiscerdanya.com\/ca\/#\/schema\/logo\/image\/\",\"url\":\"https:\/\/tipiscerdanya.com\/wp-content\/uploads\/2026\/03\/logo-tipis-1.jpg\",\"contentUrl\":\"https:\/\/tipiscerdanya.com\/wp-content\/uploads\/2026\/03\/logo-tipis-1.jpg\",\"width\":609,\"height\":609,\"caption\":\"tipiscerdanya.com\"},\"image\":{\"@id\":\"https:\/\/tipiscerdanya.com\/ca\/#\/schema\/logo\/image\/\"}}]}<\/script>\n<!-- \/ Yoast SEO plugin. -->","yoast_head_json":{"title":"Pol\u00edtica de privacitat | Tipis Cerdanya","description":"Pol\u00edtica de Privacitat En compliment del que disposa el Reglament (UE) 2016\/679 del Parlament Europeu i del Consell (RGPD) i la Llei Org\u00e0nica 3\/2018, de","robots":{"index":"noindex","follow":"nofollow"},"og_locale":"ca_ES","og_type":"article","og_title":"Pol\u00edtica de privacitat | Tipis Cerdanya","og_description":"Pol\u00edtica de Privacitat En compliment del que disposa el Reglament (UE) 2016\/679 del Parlament Europeu i del Consell (RGPD) i la Llei Org\u00e0nica 3\/2018, de","og_url":"https:\/\/tipiscerdanya.com\/ca\/politica-de-privacitat\/","og_site_name":"Tipis Cerdanya","article_modified_time":"2026-03-30T14:20:36+00:00","og_image":[{"width":1200,"height":630,"url":"https:\/\/tipiscerdanya.com\/wp-content\/uploads\/2026\/03\/tipis-open-1.jpg","type":"image\/jpeg"}],"twitter_card":"summary_large_image","twitter_misc":{"Temps estimat de lectura":"3 minuts"},"schema":{"@context":"https:\/\/schema.org","@graph":[{"@type":"WebPage","@id":"https:\/\/tipiscerdanya.com\/ca\/politica-de-privacitat\/","url":"https:\/\/tipiscerdanya.com\/ca\/politica-de-privacitat\/","name":"Pol\u00edtica de privacitat | Tipis Cerdanya","isPartOf":{"@id":"https:\/\/tipiscerdanya.com\/ca\/#website"},"datePublished":"2026-02-02T08:41:49+00:00","dateModified":"2026-03-30T14:20:36+00:00","description":"Pol\u00edtica de Privacitat En compliment del que disposa el Reglament (UE) 2016\/679 del Parlament Europeu i del Consell (RGPD) i la Llei Org\u00e0nica 3\/2018, de","breadcrumb":{"@id":"https:\/\/tipiscerdanya.com\/ca\/politica-de-privacitat\/#breadcrumb"},"inLanguage":"ca","potentialAction":[{"@type":"ReadAction","target":["https:\/\/tipiscerdanya.com\/ca\/politica-de-privacitat\/"]}]},{"@type":"BreadcrumbList","@id":"https:\/\/tipiscerdanya.com\/ca\/politica-de-privacitat\/#breadcrumb","itemListElement":[{"@type":"ListItem","position":1,"name":"Home","item":"https:\/\/tipiscerdanya.com\/ca\/"},{"@type":"ListItem","position":2,"name":"Pol\u00edtica de privacitat"}]},{"@type":"WebSite","@id":"https:\/\/tipiscerdanya.com\/ca\/#website","url":"https:\/\/tipiscerdanya.com\/ca\/","name":"Tipis Cerdanya","description":"Festival de cultura y actividades familiares en Ll\u00edvia","publisher":{"@id":"https:\/\/tipiscerdanya.com\/ca\/#organization"},"alternateName":"Festival Tipis Cerdanya","potentialAction":[{"@type":"SearchAction","target":{"@type":"EntryPoint","urlTemplate":"https:\/\/tipiscerdanya.com\/ca\/?s={search_term_string}"},"query-input":{"@type":"PropertyValueSpecification","valueRequired":true,"valueName":"search_term_string"}}],"inLanguage":"ca"},{"@type":"Organization","@id":"https:\/\/tipiscerdanya.com\/ca\/#organization","name":"tipiscerdanya.com","alternateName":"Tipis Cerdanya","url":"https:\/\/tipiscerdanya.com\/ca\/","logo":{"@type":"ImageObject","inLanguage":"ca","@id":"https:\/\/tipiscerdanya.com\/ca\/#\/schema\/logo\/image\/","url":"https:\/\/tipiscerdanya.com\/wp-content\/uploads\/2026\/03\/logo-tipis-1.jpg","contentUrl":"https:\/\/tipiscerdanya.com\/wp-content\/uploads\/2026\/03\/logo-tipis-1.jpg","width":609,"height":609,"caption":"tipiscerdanya.com"},"image":{"@id":"https:\/\/tipiscerdanya.com\/ca\/#\/schema\/logo\/image\/"}}]}},"_links":{"self":[{"href":"https:\/\/tipiscerdanya.com\/ca\/wp-json\/wp\/v2\/pages\/3","targetHints":{"allow":["GET"]}}],"collection":[{"href":"https:\/\/tipiscerdanya.com\/ca\/wp-json\/wp\/v2\/pages"}],"about":[{"href":"https:\/\/tipiscerdanya.com\/ca\/wp-json\/wp\/v2\/types\/page"}],"author":[{"embeddable":true,"href":"https:\/\/tipiscerdanya.com\/ca\/wp-json\/wp\/v2\/users\/1"}],"replies":[{"embeddable":true,"href":"https:\/\/tipiscerdanya.com\/ca\/wp-json\/wp\/v2\/comments?post=3"}],"version-history":[{"count":19,"href":"https:\/\/tipiscerdanya.com\/ca\/wp-json\/wp\/v2\/pages\/3\/revisions"}],"predecessor-version":[{"id":1412,"href":"https:\/\/tipiscerdanya.com\/ca\/wp-json\/wp\/v2\/pages\/3\/revisions\/1412"}],"wp:attachment":[{"href":"https:\/\/tipiscerdanya.com\/ca\/wp-json\/wp\/v2\/media?parent=3"}],"curies":[{"name":"wp","href":"https:\/\/api.w.org\/{rel}","templated":true}]}}