{"id":651,"date":"2026-02-13T09:41:23","date_gmt":"2026-02-13T09:41:23","guid":{"rendered":"https:\/\/tipiscerdanya.com\/?page_id=651"},"modified":"2026-03-30T14:19:37","modified_gmt":"2026-03-30T14:19:37","slug":"accessibilitat","status":"publish","type":"page","link":"https:\/\/tipiscerdanya.com\/ca\/accessibilitat\/","title":{"rendered":"Accessibilitat"},"content":{"rendered":"\t\t<div data-elementor-type=\"wp-page\" data-elementor-id=\"651\" class=\"elementor elementor-651\" data-elementor-post-type=\"page\">\n\t\t\t\t<div class=\"elementor-element elementor-element-7898fdc e-con-full e-flex e-con e-parent\" data-id=\"7898fdc\" data-element_type=\"container\" data-e-type=\"container\">\n\t\t\t\t<div class=\"elementor-element elementor-element-fa214d9 elementor-widget elementor-widget-heading\" data-id=\"fa214d9\" data-element_type=\"widget\" data-e-type=\"widget\" data-widget_type=\"heading.default\">\n\t\t\t\t\t<h1 class=\"elementor-heading-title elementor-size-default\">Accessibilitat<\/h1>\t\t\t\t<\/div>\n\t\t\t\t<div class=\"elementor-element elementor-element-40cfcf7 elementor-widget elementor-widget-text-editor\" data-id=\"40cfcf7\" data-element_type=\"widget\" data-e-type=\"widget\" data-widget_type=\"text-editor.default\">\n\t\t\t\t\t\t\t\t\t<p>La present declaraci\u00f3 d\u2019accessibilitat s\u2019aplica al lloc web <a href=\"http:\/\/tipiscerdanya.com\">tipiscerdanya.com<\/a><\/p><p><strong>SITUACI\u00d3 DE COMPLIMENT<\/strong><br \/>Aquest lloc web \u00e9s parcialment conforme amb el RD 1112\/2018 a causa de les excepcions i de la manca de conformitat dels aspectes que s\u2019indiquen en el punt seg\u00fcent.<\/p><p><strong>CONTINGUT NO ACCESSIBLE<\/strong><br \/>El contingut que es recull a continuaci\u00f3 no \u00e9s accessible pels motius seg\u00fcents:<\/p><ul><li><strong>Manca de conformitat amb el RD 1112\/2018<\/strong><\/li><li>Podrien existir alguns aspectes de contrast que no compleixin els m\u00ednims exigits, 3:1, respecte als colors adjacents del fons de la secci\u00f3 del web en q\u00fcesti\u00f3. [9.1.4.11 Contrast no textual]<\/li><li>Podrien existir algunes etiquetes o instruccions que no estiguin etiquetades correctament. [9.3.3.2 Etiquetes o instruccions]<\/li><li>Podrien existir missatges d\u2019estat que no compleixin els m\u00ednims exigits. [9.4.1.3 Missatges d\u2019estat]<\/li><li>Podrien existir suggeriments davant d\u2019errors que no compleixin els m\u00ednims exigits. [9.3.3.3 Suggeriments davant d\u2019errors (condicional)]<\/li><li>Podrien existir errors en la navegaci\u00f3 seq\u00fcencial per la p\u00e0gina web que afectin el seu significat o el seu funcionament. [9.2.4.3 Ordre del focus]<\/li><li>Podrien existir errors puntuals d\u2019edici\u00f3 en alguna p\u00e0gina web.<\/li><\/ul><p><strong>C\u00c0RREGA DESPROPORCIONADA<\/strong><br \/>No aplica.<\/p><p><strong>PREPARACI\u00d3 DE LA PRESENT DECLARACI\u00d3 D\u2019ACCESSIBILITAT<\/strong><br \/>Aquesta declaraci\u00f3 va ser preparada el 13 de febrer de 2026.<br \/>El m\u00e8tode emprat per preparar la declaraci\u00f3 ha estat una autoavaluaci\u00f3 realitzada per la mateixa empresa.<\/p><p><strong>OBSERVACIONS I DADES DE CONTACTE<\/strong><br \/>Podeu fer comunicacions sobre requisits d\u2019accessibilitat (article 10.2.a del RD 1112\/2018), com per exemple:<\/p><ul><li>Informar sobre qualsevol possible incompliment per part d\u2019aquest lloc web.<\/li><li>Comunicar altres dificultats d\u2019acc\u00e9s al contingut.<\/li><li>Formular qualsevol altra consulta o suggeriment de millora relativa a l\u2019accessibilitat del lloc web.<\/li><\/ul><p>A trav\u00e9s del correu electr\u00f2nic de contacte.<\/p><p>Podeu presentar:<\/p><ul><li>Queixa relativa al compliment dels requisits del RD 1112\/2018, o b\u00e9<\/li><li>Sol\u00b7licitud d\u2019informaci\u00f3 accessible relativa a:<ul><li>Continguts que estan exclosos de l\u2019\u00e0mbit d\u2019aplicaci\u00f3 del RD 1112\/2018 segons el que estableix l\u2019article 3, apartat 4.<\/li><li>Continguts que estan exempts del compliment dels requisits d\u2019accessibilitat per imposar una c\u00e0rrega desproporcionada.<\/li><\/ul><\/li><\/ul><p>En la sol\u00b7licitud d\u2019informaci\u00f3 accessible s\u2019han de concretar, amb tota claredat, els fets, les raons i la petici\u00f3 que permetin constatar que es tracta d\u2019una sol\u00b7licitud raonable i leg\u00edtima.<\/p><p>Les queixes i reclamacions sobre informaci\u00f3 accessible s\u2019han de realitzar a trav\u00e9s del correu electr\u00f2nic anterior.<\/p><p><strong>PROCEDIMENT D\u2019APLICACI\u00d3<\/strong><br \/>Si, un cop presentada una sol\u00b7licitud d\u2019informaci\u00f3 accessible o una queixa, aquesta ha estat desestimada, no s\u2019est\u00e0 d\u2019acord amb la decisi\u00f3 adoptada o la resposta no compleix els requisits previstos a l\u2019article 12.5, la persona interessada pot iniciar una reclamaci\u00f3. Igualment, es pot iniciar una reclamaci\u00f3 en el cas que hagi transcorregut el termini de vint dies h\u00e0bils sense haver obtingut resposta.<\/p>\t\t\t\t\t\t\t\t<\/div>\n\t\t\t\t<\/div>\n\t\t\t\t<\/div>\n\t\t","protected":false},"excerpt":{"rendered":"<p>Accessibilitat La present declaraci\u00f3 d\u2019accessibilitat s\u2019aplica al lloc web tipiscerdanya.com SITUACI\u00d3 DE COMPLIMENTAquest lloc web \u00e9s parcialment conforme amb el RD 1112\/2018 a causa de les excepcions i de la manca de conformitat dels aspectes que s\u2019indiquen en el punt seg\u00fcent. CONTINGUT NO ACCESSIBLEEl contingut que es recull a continuaci\u00f3 no \u00e9s accessible pels motius [&hellip;]<\/p>\n","protected":false},"author":1,"featured_media":0,"parent":0,"menu_order":0,"comment_status":"closed","ping_status":"closed","template":"","meta":{"footnotes":""},"class_list":["post-651","page","type-page","status-publish","hentry"],"yoast_head":"<!-- This site is optimized with the Yoast SEO plugin v27.2 - https:\/\/yoast.com\/product\/yoast-seo-wordpress\/ -->\n<title>Accessibilitat | Tipis Cerdanya<\/title>\n<meta name=\"description\" content=\"Accessibilitat La present declaraci\u00f3 d\u2019accessibilitat s\u2019aplica al lloc web tipiscerdanya.comSITUACI\u00d3 DE COMPLIMENTAquest lloc web \u00e9s parcialment conforme\" \/>\n<meta name=\"robots\" content=\"noindex, nofollow\" \/>\n<meta property=\"og:locale\" content=\"ca_ES\" \/>\n<meta property=\"og:type\" content=\"article\" \/>\n<meta property=\"og:title\" content=\"Accessibilitat | Tipis Cerdanya\" \/>\n<meta property=\"og:description\" content=\"Accessibilitat La present declaraci\u00f3 d\u2019accessibilitat s\u2019aplica al lloc web tipiscerdanya.comSITUACI\u00d3 DE COMPLIMENTAquest lloc web \u00e9s parcialment conforme\" \/>\n<meta property=\"og:url\" content=\"https:\/\/tipiscerdanya.com\/ca\/accessibilitat\/\" \/>\n<meta property=\"og:site_name\" content=\"Tipis Cerdanya\" \/>\n<meta property=\"article:modified_time\" content=\"2026-03-30T14:19:37+00:00\" \/>\n<meta property=\"og:image\" content=\"https:\/\/tipiscerdanya.com\/wp-content\/uploads\/2026\/03\/tipis-open-1.jpg\" \/>\n\t<meta property=\"og:image:width\" content=\"1200\" \/>\n\t<meta property=\"og:image:height\" content=\"630\" \/>\n\t<meta property=\"og:image:type\" content=\"image\/jpeg\" \/>\n<meta name=\"twitter:card\" content=\"summary_large_image\" \/>\n<meta name=\"twitter:label1\" content=\"Temps estimat de lectura\" \/>\n\t<meta name=\"twitter:data1\" content=\"2 minuts\" \/>\n<script type=\"application\/ld+json\" class=\"yoast-schema-graph\">{\"@context\":\"https:\/\/schema.org\",\"@graph\":[{\"@type\":\"WebPage\",\"@id\":\"https:\/\/tipiscerdanya.com\/ca\/accessibilitat\/\",\"url\":\"https:\/\/tipiscerdanya.com\/ca\/accessibilitat\/\",\"name\":\"Accessibilitat | Tipis Cerdanya\",\"isPartOf\":{\"@id\":\"https:\/\/tipiscerdanya.com\/ca\/#website\"},\"datePublished\":\"2026-02-13T09:41:23+00:00\",\"dateModified\":\"2026-03-30T14:19:37+00:00\",\"description\":\"Accessibilitat La present declaraci\u00f3 d\u2019accessibilitat s\u2019aplica al lloc web tipiscerdanya.comSITUACI\u00d3 DE COMPLIMENTAquest lloc web \u00e9s parcialment conforme\",\"breadcrumb\":{\"@id\":\"https:\/\/tipiscerdanya.com\/ca\/accessibilitat\/#breadcrumb\"},\"inLanguage\":\"ca\",\"potentialAction\":[{\"@type\":\"ReadAction\",\"target\":[\"https:\/\/tipiscerdanya.com\/ca\/accessibilitat\/\"]}]},{\"@type\":\"BreadcrumbList\",\"@id\":\"https:\/\/tipiscerdanya.com\/ca\/accessibilitat\/#breadcrumb\",\"itemListElement\":[{\"@type\":\"ListItem\",\"position\":1,\"name\":\"Home\",\"item\":\"https:\/\/tipiscerdanya.com\/ca\/\"},{\"@type\":\"ListItem\",\"position\":2,\"name\":\"Accessibilitat\"}]},{\"@type\":\"WebSite\",\"@id\":\"https:\/\/tipiscerdanya.com\/ca\/#website\",\"url\":\"https:\/\/tipiscerdanya.com\/ca\/\",\"name\":\"Tipis Cerdanya\",\"description\":\"Festival de cultura y actividades familiares en Ll\u00edvia\",\"publisher\":{\"@id\":\"https:\/\/tipiscerdanya.com\/ca\/#organization\"},\"alternateName\":\"Festival Tipis Cerdanya\",\"potentialAction\":[{\"@type\":\"SearchAction\",\"target\":{\"@type\":\"EntryPoint\",\"urlTemplate\":\"https:\/\/tipiscerdanya.com\/ca\/?s={search_term_string}\"},\"query-input\":{\"@type\":\"PropertyValueSpecification\",\"valueRequired\":true,\"valueName\":\"search_term_string\"}}],\"inLanguage\":\"ca\"},{\"@type\":\"Organization\",\"@id\":\"https:\/\/tipiscerdanya.com\/ca\/#organization\",\"name\":\"tipiscerdanya.com\",\"alternateName\":\"Tipis Cerdanya\",\"url\":\"https:\/\/tipiscerdanya.com\/ca\/\",\"logo\":{\"@type\":\"ImageObject\",\"inLanguage\":\"ca\",\"@id\":\"https:\/\/tipiscerdanya.com\/ca\/#\/schema\/logo\/image\/\",\"url\":\"https:\/\/tipiscerdanya.com\/wp-content\/uploads\/2026\/03\/logo-tipis-1.jpg\",\"contentUrl\":\"https:\/\/tipiscerdanya.com\/wp-content\/uploads\/2026\/03\/logo-tipis-1.jpg\",\"width\":609,\"height\":609,\"caption\":\"tipiscerdanya.com\"},\"image\":{\"@id\":\"https:\/\/tipiscerdanya.com\/ca\/#\/schema\/logo\/image\/\"}}]}<\/script>\n<!-- \/ Yoast SEO plugin. -->","yoast_head_json":{"title":"Accessibilitat | Tipis Cerdanya","description":"Accessibilitat La present declaraci\u00f3 d\u2019accessibilitat s\u2019aplica al lloc web tipiscerdanya.comSITUACI\u00d3 DE COMPLIMENTAquest lloc web \u00e9s parcialment conforme","robots":{"index":"noindex","follow":"nofollow"},"og_locale":"ca_ES","og_type":"article","og_title":"Accessibilitat | Tipis Cerdanya","og_description":"Accessibilitat La present declaraci\u00f3 d\u2019accessibilitat s\u2019aplica al lloc web tipiscerdanya.comSITUACI\u00d3 DE COMPLIMENTAquest lloc web \u00e9s parcialment conforme","og_url":"https:\/\/tipiscerdanya.com\/ca\/accessibilitat\/","og_site_name":"Tipis Cerdanya","article_modified_time":"2026-03-30T14:19:37+00:00","og_image":[{"width":1200,"height":630,"url":"https:\/\/tipiscerdanya.com\/wp-content\/uploads\/2026\/03\/tipis-open-1.jpg","type":"image\/jpeg"}],"twitter_card":"summary_large_image","twitter_misc":{"Temps estimat de lectura":"2 minuts"},"schema":{"@context":"https:\/\/schema.org","@graph":[{"@type":"WebPage","@id":"https:\/\/tipiscerdanya.com\/ca\/accessibilitat\/","url":"https:\/\/tipiscerdanya.com\/ca\/accessibilitat\/","name":"Accessibilitat | Tipis Cerdanya","isPartOf":{"@id":"https:\/\/tipiscerdanya.com\/ca\/#website"},"datePublished":"2026-02-13T09:41:23+00:00","dateModified":"2026-03-30T14:19:37+00:00","description":"Accessibilitat La present declaraci\u00f3 d\u2019accessibilitat s\u2019aplica al lloc web tipiscerdanya.comSITUACI\u00d3 DE COMPLIMENTAquest lloc web \u00e9s parcialment conforme","breadcrumb":{"@id":"https:\/\/tipiscerdanya.com\/ca\/accessibilitat\/#breadcrumb"},"inLanguage":"ca","potentialAction":[{"@type":"ReadAction","target":["https:\/\/tipiscerdanya.com\/ca\/accessibilitat\/"]}]},{"@type":"BreadcrumbList","@id":"https:\/\/tipiscerdanya.com\/ca\/accessibilitat\/#breadcrumb","itemListElement":[{"@type":"ListItem","position":1,"name":"Home","item":"https:\/\/tipiscerdanya.com\/ca\/"},{"@type":"ListItem","position":2,"name":"Accessibilitat"}]},{"@type":"WebSite","@id":"https:\/\/tipiscerdanya.com\/ca\/#website","url":"https:\/\/tipiscerdanya.com\/ca\/","name":"Tipis Cerdanya","description":"Festival de cultura y actividades familiares en Ll\u00edvia","publisher":{"@id":"https:\/\/tipiscerdanya.com\/ca\/#organization"},"alternateName":"Festival Tipis Cerdanya","potentialAction":[{"@type":"SearchAction","target":{"@type":"EntryPoint","urlTemplate":"https:\/\/tipiscerdanya.com\/ca\/?s={search_term_string}"},"query-input":{"@type":"PropertyValueSpecification","valueRequired":true,"valueName":"search_term_string"}}],"inLanguage":"ca"},{"@type":"Organization","@id":"https:\/\/tipiscerdanya.com\/ca\/#organization","name":"tipiscerdanya.com","alternateName":"Tipis Cerdanya","url":"https:\/\/tipiscerdanya.com\/ca\/","logo":{"@type":"ImageObject","inLanguage":"ca","@id":"https:\/\/tipiscerdanya.com\/ca\/#\/schema\/logo\/image\/","url":"https:\/\/tipiscerdanya.com\/wp-content\/uploads\/2026\/03\/logo-tipis-1.jpg","contentUrl":"https:\/\/tipiscerdanya.com\/wp-content\/uploads\/2026\/03\/logo-tipis-1.jpg","width":609,"height":609,"caption":"tipiscerdanya.com"},"image":{"@id":"https:\/\/tipiscerdanya.com\/ca\/#\/schema\/logo\/image\/"}}]}},"_links":{"self":[{"href":"https:\/\/tipiscerdanya.com\/ca\/wp-json\/wp\/v2\/pages\/651","targetHints":{"allow":["GET"]}}],"collection":[{"href":"https:\/\/tipiscerdanya.com\/ca\/wp-json\/wp\/v2\/pages"}],"about":[{"href":"https:\/\/tipiscerdanya.com\/ca\/wp-json\/wp\/v2\/types\/page"}],"author":[{"embeddable":true,"href":"https:\/\/tipiscerdanya.com\/ca\/wp-json\/wp\/v2\/users\/1"}],"replies":[{"embeddable":true,"href":"https:\/\/tipiscerdanya.com\/ca\/wp-json\/wp\/v2\/comments?post=651"}],"version-history":[{"count":11,"href":"https:\/\/tipiscerdanya.com\/ca\/wp-json\/wp\/v2\/pages\/651\/revisions"}],"predecessor-version":[{"id":1409,"href":"https:\/\/tipiscerdanya.com\/ca\/wp-json\/wp\/v2\/pages\/651\/revisions\/1409"}],"wp:attachment":[{"href":"https:\/\/tipiscerdanya.com\/ca\/wp-json\/wp\/v2\/media?parent=651"}],"curies":[{"name":"wp","href":"https:\/\/api.w.org\/{rel}","templated":true}]}}