{"id":663,"date":"2026-02-13T09:44:43","date_gmt":"2026-02-13T09:44:43","guid":{"rendered":"https:\/\/tipiscerdanya.com\/?page_id=663"},"modified":"2026-03-30T14:18:53","modified_gmt":"2026-03-30T14:18:53","slug":"avis-legal","status":"publish","type":"page","link":"https:\/\/tipiscerdanya.com\/ca\/avis-legal\/","title":{"rendered":"Av\u00eds Legal"},"content":{"rendered":"\t\t<div data-elementor-type=\"wp-page\" data-elementor-id=\"663\" class=\"elementor elementor-663\" data-elementor-post-type=\"page\">\n\t\t\t\t<div class=\"elementor-element elementor-element-79de25a e-con-full e-flex e-con e-parent\" data-id=\"79de25a\" data-element_type=\"container\" data-e-type=\"container\">\n\t\t\t\t<div class=\"elementor-element elementor-element-407bdfe elementor-widget elementor-widget-heading\" data-id=\"407bdfe\" data-element_type=\"widget\" data-e-type=\"widget\" data-widget_type=\"heading.default\">\n\t\t\t\t\t<h1 class=\"elementor-heading-title elementor-size-default\">Av\u00eds Legal<\/h1>\t\t\t\t<\/div>\n\t\t\t\t<div class=\"elementor-element elementor-element-8a5ee37 elementor-widget elementor-widget-text-editor\" data-id=\"8a5ee37\" data-element_type=\"widget\" data-e-type=\"widget\" data-widget_type=\"text-editor.default\">\n\t\t\t\t\t\t\t\t\t<p>En compliment del deure d\u2019informaci\u00f3 recollit a la Llei 34\/2002, d\u201911 de juliol, de Serveis de la Societat de la Informaci\u00f3 i del Comer\u00e7 Electr\u00f2nic (LSSI-CE), es faciliten a continuaci\u00f3 les dades seg\u00fcents:<\/p><p><strong>1. Dades del titular del lloc web<\/strong><\/p><p>Ra\u00f3 social: <strong>POMODORO PRODUCTIONS SL<\/strong> <br data-start=\"363\" data-end=\"366\" \/>NIF: <strong>B10893006<\/strong><br data-start=\"384\" data-end=\"387\" \/>Domicili social: C\/ Puigcerd\u00e0, 39 17527 (Llivia) Girona<br data-start=\"469\" data-end=\"472\" \/>Correu electr\u00f2nic: <strong data-start=\"491\" data-end=\"514\"><a class=\"decorated-link cursor-pointer\" rel=\"noopener\" data-start=\"493\" data-end=\"512\">info@tipiscerdanya.com<\/a><\/strong><\/p><p><strong>2. Usuaris<\/strong><\/p><p>L\u2019acc\u00e9s i\/o \u00fas d\u2019aquest lloc web atribueix la condici\u00f3 d\u2019usuari, que accepta, des d\u2019aquest acc\u00e9s i\/o \u00fas, les presents condicions d\u2019\u00fas.<\/p><p><strong>3. \u00das del lloc web<\/strong><\/p><p>L\u2019usuari es compromet a fer un \u00fas adequat dels continguts i serveis que ofereix el titular del lloc web i, amb car\u00e0cter enunciatiu per\u00f2 no limitatiu, a no utilitzar-los per a:<\/p><ul><li><p>Realitzar activitats il\u00b7l\u00edcites o contr\u00e0ries a la bona fe i a l\u2019ordre p\u00fablic.<\/p><\/li><li><p>Provocar danys en els sistemes f\u00edsics i l\u00f2gics del titular del lloc web o de tercers.<\/p><\/li><li><p>Introduir o difondre virus inform\u00e0tics o altres sistemes que puguin causar danys.<\/p><\/li><\/ul><p><strong>4. Propietat intel\u00b7lectual i industrial<\/strong><\/p><p>Tots els continguts del lloc web (textos, imatges, disseny, codi font, logotips, etc.) s\u00f3n titularitat de <strong>POMODORO PRODUCTIONS SL.<\/strong> o disposa dels drets necessaris per al seu \u00fas, i en queda prohibida la reproducci\u00f3, distribuci\u00f3 o modificaci\u00f3 sense l\u2019autoritzaci\u00f3 expressa del titular.<\/p><p><strong>5. Responsabilitat<\/strong><\/p><p>El titular del lloc web no es fa responsable dels danys o perjudicis derivats de l\u2019\u00fas de la informaci\u00f3 continguda en aquest lloc web, ni garanteix l\u2019abs\u00e8ncia de virus o altres elements que puguin produir alteracions en els sistemes inform\u00e0tics.<\/p><p><strong>6. Enlla\u00e7os externs<\/strong><\/p><p>En cas que al lloc web hi hagi enlla\u00e7os o hipervincles cap a altres llocs d\u2019Internet,<strong>POMODORO PRODUCTIONS SL<\/strong> no exercir\u00e0 cap mena de control sobre aquests llocs i continguts, ni assumir\u00e0 cap responsabilitat al respecte.<\/p><p><strong>7. Legislaci\u00f3 aplicable i jurisdicci\u00f3<\/strong><\/p><p>La relaci\u00f3 entre el titular del lloc web i l\u2019usuari es regir\u00e0 per la normativa vigent a Espanya. Per a la resoluci\u00f3 de qualsevol controv\u00e8rsia que pugui sorgir, les parts se sotmetran als jutjats i tribunals del domicili del titular del lloc web.<\/p>\t\t\t\t\t\t\t\t<\/div>\n\t\t\t\t<\/div>\n\t\t\t\t<\/div>\n\t\t","protected":false},"excerpt":{"rendered":"<p>Av\u00eds Legal En compliment del deure d\u2019informaci\u00f3 recollit a la Llei 34\/2002, d\u201911 de juliol, de Serveis de la Societat de la Informaci\u00f3 i del Comer\u00e7 Electr\u00f2nic (LSSI-CE), es faciliten a continuaci\u00f3 les dades seg\u00fcents: 1. Dades del titular del lloc web Ra\u00f3 social: POMODORO PRODUCTIONS SL NIF: B10893006Domicili social: C\/ Puigcerd\u00e0, 39 17527 (Llivia) [&hellip;]<\/p>\n","protected":false},"author":1,"featured_media":0,"parent":0,"menu_order":0,"comment_status":"closed","ping_status":"closed","template":"","meta":{"footnotes":""},"class_list":["post-663","page","type-page","status-publish","hentry"],"yoast_head":"<!-- This site is optimized with the Yoast SEO plugin v27.2 - https:\/\/yoast.com\/product\/yoast-seo-wordpress\/ -->\n<title>Av\u00eds Legal | Tipis Cerdanya<\/title>\n<meta name=\"description\" content=\"Av\u00eds Legal En compliment del deure d\u2019informaci\u00f3 recollit a la Llei 34\/2002, d\u201911 de juliol, de Serveis de la Societat de la Informaci\u00f3 i del Comer\u00e7\" \/>\n<meta name=\"robots\" content=\"noindex, nofollow\" \/>\n<meta property=\"og:locale\" content=\"ca_ES\" \/>\n<meta property=\"og:type\" content=\"article\" \/>\n<meta property=\"og:title\" content=\"Av\u00eds Legal | Tipis Cerdanya\" \/>\n<meta property=\"og:description\" content=\"Av\u00eds Legal En compliment del deure d\u2019informaci\u00f3 recollit a la Llei 34\/2002, d\u201911 de juliol, de Serveis de la Societat de la Informaci\u00f3 i del Comer\u00e7\" \/>\n<meta property=\"og:url\" content=\"https:\/\/tipiscerdanya.com\/ca\/avis-legal\/\" \/>\n<meta property=\"og:site_name\" content=\"Tipis Cerdanya\" \/>\n<meta property=\"article:modified_time\" content=\"2026-03-30T14:18:53+00:00\" \/>\n<meta property=\"og:image\" content=\"https:\/\/tipiscerdanya.com\/wp-content\/uploads\/2026\/03\/tipis-open-1.jpg\" \/>\n\t<meta property=\"og:image:width\" content=\"1200\" \/>\n\t<meta property=\"og:image:height\" content=\"630\" \/>\n\t<meta property=\"og:image:type\" content=\"image\/jpeg\" \/>\n<meta name=\"twitter:card\" content=\"summary_large_image\" \/>\n<meta name=\"twitter:label1\" content=\"Temps estimat de lectura\" \/>\n\t<meta name=\"twitter:data1\" content=\"2 minuts\" \/>\n<script type=\"application\/ld+json\" class=\"yoast-schema-graph\">{\"@context\":\"https:\/\/schema.org\",\"@graph\":[{\"@type\":\"WebPage\",\"@id\":\"https:\/\/tipiscerdanya.com\/ca\/avis-legal\/\",\"url\":\"https:\/\/tipiscerdanya.com\/ca\/avis-legal\/\",\"name\":\"Av\u00eds Legal | Tipis Cerdanya\",\"isPartOf\":{\"@id\":\"https:\/\/tipiscerdanya.com\/ca\/#website\"},\"datePublished\":\"2026-02-13T09:44:43+00:00\",\"dateModified\":\"2026-03-30T14:18:53+00:00\",\"description\":\"Av\u00eds Legal En compliment del deure d\u2019informaci\u00f3 recollit a la Llei 34\/2002, d\u201911 de juliol, de Serveis de la Societat de la Informaci\u00f3 i del Comer\u00e7\",\"breadcrumb\":{\"@id\":\"https:\/\/tipiscerdanya.com\/ca\/avis-legal\/#breadcrumb\"},\"inLanguage\":\"ca\",\"potentialAction\":[{\"@type\":\"ReadAction\",\"target\":[\"https:\/\/tipiscerdanya.com\/ca\/avis-legal\/\"]}]},{\"@type\":\"BreadcrumbList\",\"@id\":\"https:\/\/tipiscerdanya.com\/ca\/avis-legal\/#breadcrumb\",\"itemListElement\":[{\"@type\":\"ListItem\",\"position\":1,\"name\":\"Home\",\"item\":\"https:\/\/tipiscerdanya.com\/ca\/\"},{\"@type\":\"ListItem\",\"position\":2,\"name\":\"Av\u00eds Legal\"}]},{\"@type\":\"WebSite\",\"@id\":\"https:\/\/tipiscerdanya.com\/ca\/#website\",\"url\":\"https:\/\/tipiscerdanya.com\/ca\/\",\"name\":\"Tipis Cerdanya\",\"description\":\"Festival de cultura y actividades familiares en Ll\u00edvia\",\"publisher\":{\"@id\":\"https:\/\/tipiscerdanya.com\/ca\/#organization\"},\"alternateName\":\"Festival Tipis Cerdanya\",\"potentialAction\":[{\"@type\":\"SearchAction\",\"target\":{\"@type\":\"EntryPoint\",\"urlTemplate\":\"https:\/\/tipiscerdanya.com\/ca\/?s={search_term_string}\"},\"query-input\":{\"@type\":\"PropertyValueSpecification\",\"valueRequired\":true,\"valueName\":\"search_term_string\"}}],\"inLanguage\":\"ca\"},{\"@type\":\"Organization\",\"@id\":\"https:\/\/tipiscerdanya.com\/ca\/#organization\",\"name\":\"tipiscerdanya.com\",\"alternateName\":\"Tipis Cerdanya\",\"url\":\"https:\/\/tipiscerdanya.com\/ca\/\",\"logo\":{\"@type\":\"ImageObject\",\"inLanguage\":\"ca\",\"@id\":\"https:\/\/tipiscerdanya.com\/ca\/#\/schema\/logo\/image\/\",\"url\":\"https:\/\/tipiscerdanya.com\/wp-content\/uploads\/2026\/03\/logo-tipis-1.jpg\",\"contentUrl\":\"https:\/\/tipiscerdanya.com\/wp-content\/uploads\/2026\/03\/logo-tipis-1.jpg\",\"width\":609,\"height\":609,\"caption\":\"tipiscerdanya.com\"},\"image\":{\"@id\":\"https:\/\/tipiscerdanya.com\/ca\/#\/schema\/logo\/image\/\"}}]}<\/script>\n<!-- \/ Yoast SEO plugin. -->","yoast_head_json":{"title":"Av\u00eds Legal | Tipis Cerdanya","description":"Av\u00eds Legal En compliment del deure d\u2019informaci\u00f3 recollit a la Llei 34\/2002, d\u201911 de juliol, de Serveis de la Societat de la Informaci\u00f3 i del Comer\u00e7","robots":{"index":"noindex","follow":"nofollow"},"og_locale":"ca_ES","og_type":"article","og_title":"Av\u00eds Legal | Tipis Cerdanya","og_description":"Av\u00eds Legal En compliment del deure d\u2019informaci\u00f3 recollit a la Llei 34\/2002, d\u201911 de juliol, de Serveis de la Societat de la Informaci\u00f3 i del Comer\u00e7","og_url":"https:\/\/tipiscerdanya.com\/ca\/avis-legal\/","og_site_name":"Tipis Cerdanya","article_modified_time":"2026-03-30T14:18:53+00:00","og_image":[{"width":1200,"height":630,"url":"https:\/\/tipiscerdanya.com\/wp-content\/uploads\/2026\/03\/tipis-open-1.jpg","type":"image\/jpeg"}],"twitter_card":"summary_large_image","twitter_misc":{"Temps estimat de lectura":"2 minuts"},"schema":{"@context":"https:\/\/schema.org","@graph":[{"@type":"WebPage","@id":"https:\/\/tipiscerdanya.com\/ca\/avis-legal\/","url":"https:\/\/tipiscerdanya.com\/ca\/avis-legal\/","name":"Av\u00eds Legal | Tipis Cerdanya","isPartOf":{"@id":"https:\/\/tipiscerdanya.com\/ca\/#website"},"datePublished":"2026-02-13T09:44:43+00:00","dateModified":"2026-03-30T14:18:53+00:00","description":"Av\u00eds Legal En compliment del deure d\u2019informaci\u00f3 recollit a la Llei 34\/2002, d\u201911 de juliol, de Serveis de la Societat de la Informaci\u00f3 i del Comer\u00e7","breadcrumb":{"@id":"https:\/\/tipiscerdanya.com\/ca\/avis-legal\/#breadcrumb"},"inLanguage":"ca","potentialAction":[{"@type":"ReadAction","target":["https:\/\/tipiscerdanya.com\/ca\/avis-legal\/"]}]},{"@type":"BreadcrumbList","@id":"https:\/\/tipiscerdanya.com\/ca\/avis-legal\/#breadcrumb","itemListElement":[{"@type":"ListItem","position":1,"name":"Home","item":"https:\/\/tipiscerdanya.com\/ca\/"},{"@type":"ListItem","position":2,"name":"Av\u00eds Legal"}]},{"@type":"WebSite","@id":"https:\/\/tipiscerdanya.com\/ca\/#website","url":"https:\/\/tipiscerdanya.com\/ca\/","name":"Tipis Cerdanya","description":"Festival de cultura y actividades familiares en Ll\u00edvia","publisher":{"@id":"https:\/\/tipiscerdanya.com\/ca\/#organization"},"alternateName":"Festival Tipis Cerdanya","potentialAction":[{"@type":"SearchAction","target":{"@type":"EntryPoint","urlTemplate":"https:\/\/tipiscerdanya.com\/ca\/?s={search_term_string}"},"query-input":{"@type":"PropertyValueSpecification","valueRequired":true,"valueName":"search_term_string"}}],"inLanguage":"ca"},{"@type":"Organization","@id":"https:\/\/tipiscerdanya.com\/ca\/#organization","name":"tipiscerdanya.com","alternateName":"Tipis Cerdanya","url":"https:\/\/tipiscerdanya.com\/ca\/","logo":{"@type":"ImageObject","inLanguage":"ca","@id":"https:\/\/tipiscerdanya.com\/ca\/#\/schema\/logo\/image\/","url":"https:\/\/tipiscerdanya.com\/wp-content\/uploads\/2026\/03\/logo-tipis-1.jpg","contentUrl":"https:\/\/tipiscerdanya.com\/wp-content\/uploads\/2026\/03\/logo-tipis-1.jpg","width":609,"height":609,"caption":"tipiscerdanya.com"},"image":{"@id":"https:\/\/tipiscerdanya.com\/ca\/#\/schema\/logo\/image\/"}}]}},"_links":{"self":[{"href":"https:\/\/tipiscerdanya.com\/ca\/wp-json\/wp\/v2\/pages\/663","targetHints":{"allow":["GET"]}}],"collection":[{"href":"https:\/\/tipiscerdanya.com\/ca\/wp-json\/wp\/v2\/pages"}],"about":[{"href":"https:\/\/tipiscerdanya.com\/ca\/wp-json\/wp\/v2\/types\/page"}],"author":[{"embeddable":true,"href":"https:\/\/tipiscerdanya.com\/ca\/wp-json\/wp\/v2\/users\/1"}],"replies":[{"embeddable":true,"href":"https:\/\/tipiscerdanya.com\/ca\/wp-json\/wp\/v2\/comments?post=663"}],"version-history":[{"count":10,"href":"https:\/\/tipiscerdanya.com\/ca\/wp-json\/wp\/v2\/pages\/663\/revisions"}],"predecessor-version":[{"id":1415,"href":"https:\/\/tipiscerdanya.com\/ca\/wp-json\/wp\/v2\/pages\/663\/revisions\/1415"}],"wp:attachment":[{"href":"https:\/\/tipiscerdanya.com\/ca\/wp-json\/wp\/v2\/media?parent=663"}],"curies":[{"name":"wp","href":"https:\/\/api.w.org\/{rel}","templated":true}]}}